{"id":847,"date":"2023-02-16T11:47:18","date_gmt":"2023-02-16T10:47:18","guid":{"rendered":"https:\/\/www.miss-universe-croatia.hr\/kontakti\/"},"modified":"2023-03-01T10:32:20","modified_gmt":"2023-03-01T09:32:20","slug":"contact","status":"publish","type":"page","link":"https:\/\/www.miss-universe-croatia.hr\/en\/contact\/","title":{"rendered":"CONTACT"},"content":{"rendered":"\n<div class=\"wp-block-columns max-w-4xl mx-auto gap-16 is-layout-flex wp-container-core-columns-is-layout-9d6595d7 wp-block-columns-is-layout-flex\">\n<div class=\"wp-block-column is-layout-flow wp-block-column-is-layout-flow\">\n<h2 class=\"wp-block-heading\">Headquarters<\/h2>\n\n\n\n<div style=\"height:10px\" aria-hidden=\"true\" class=\"wp-block-spacer\"><\/div>\n\n\n\n<iframe class=\"rounded-2xl shadow-lg w-full md:!h-[90%]\" src=\"https:\/\/www.google.com\/maps\/embed?pb=!1m18!1m12!1m3!1d2780.4117216708405!2d15.961622715944564!3d45.823038817447696!2m3!1f0!2f0!3f0!3m2!1i1024!2i768!4f13.1!3m3!1m2!1s0x4765d722778bd323%3A0x84a37062d95de139!2sUl.%20Novi%20Goljak%207a%2C%2010000%2C%20Zagreb!5e0!3m2!1sen!2shr!4v1676548757092!5m2!1sen!2shr\" width=\"600\" height=\"450\" style=\"border:0;\" allowfullscreen=\"\" loading=\"lazy\" referrerpolicy=\"no-referrer-when-downgrade\"><\/iframe>\n<\/div>\n\n\n\n<div class=\"wp-block-column is-layout-flow wp-block-column-is-layout-flow\">\n<hr class=\"wp-block-separator has-alpha-channel-opacity is-style-default\"\/>\n\n\n\n<div class=\"wp-block-columns is-not-stacked-on-mobile is-layout-flex wp-container-core-columns-is-layout-9d6595d7 wp-block-columns-is-layout-flex\">\n<div class=\"wp-block-column is-layout-flow wp-block-column-is-layout-flow\" style=\"flex-basis:10%\">\n<figure class=\"wp-block-image size-full icon\"><img loading=\"lazy\" decoding=\"async\" width=\"30\" height=\"43\" src=\"https:\/\/www.miss-universe-croatia.hr\/wp-content\/uploads\/2023\/02\/marker.png\" alt=\"\" class=\"wp-image-261\"\/><\/figure>\n<\/div>\n\n\n\n<div class=\"wp-block-column is-layout-flow wp-block-column-is-layout-flow\" style=\"flex-basis:90%\">\n<p class=\"!mb-0\"><strong>MEDIA PRODUKCIJA d.o.o.<\/strong><br>Novi Goljak 7a, 10000 Zagreb, Croatia<\/p>\n<\/div>\n<\/div>\n\n\n\n<hr class=\"wp-block-separator has-alpha-channel-opacity is-style-default\"\/>\n\n\n\n<div class=\"wp-block-columns is-not-stacked-on-mobile is-layout-flex wp-container-core-columns-is-layout-9d6595d7 wp-block-columns-is-layout-flex\">\n<div class=\"wp-block-column flex items-center is-layout-flow wp-block-column-is-layout-flow\" style=\"flex-basis:10%\">\n<figure class=\"wp-block-image size-full icon\"><img loading=\"lazy\" decoding=\"async\" width=\"30\" height=\"30\" src=\"https:\/\/www.miss-universe-croatia.hr\/wp-content\/uploads\/2023\/02\/phone.png\" alt=\"\" class=\"wp-image-263\"\/><\/figure>\n<\/div>\n\n\n\n<div class=\"wp-block-column is-layout-flow wp-block-column-is-layout-flow\" style=\"flex-basis:90%\">\n<p class=\"!mb-0 leading-10\">Tel.: <strong>+385\/1\/4836-321<\/strong><br>Tel.\/Fax: <strong>+385\/1\/4836-320<\/strong><\/p>\n<\/div>\n<\/div>\n\n\n\n<hr class=\"wp-block-separator has-alpha-channel-opacity is-style-default\"\/>\n\n\n\n<div class=\"wp-block-columns is-not-stacked-on-mobile is-layout-flex wp-container-core-columns-is-layout-9d6595d7 wp-block-columns-is-layout-flex\">\n<div class=\"wp-block-column flex items-center is-layout-flow wp-block-column-is-layout-flow\" style=\"flex-basis:10%\">\n<figure class=\"wp-block-image size-full icon\"><img loading=\"lazy\" decoding=\"async\" width=\"34\" height=\"27\" src=\"https:\/\/www.miss-universe-croatia.hr\/wp-content\/uploads\/2023\/02\/email.png\" alt=\"\" class=\"wp-image-265\"\/><\/figure>\n<\/div>\n\n\n\n<div class=\"wp-block-column is-layout-flow wp-block-column-is-layout-flow\" style=\"flex-basis:90%\">\n<p class=\"!mb-0 leading-10\"><strong>info@mediaprodukcija.hr<\/strong><\/p>\n<\/div>\n<\/div>\n\n\n\n<hr class=\"wp-block-separator has-alpha-channel-opacity is-style-default\"\/>\n\n\n\n<div style=\"height:10px\" aria-hidden=\"true\" class=\"wp-block-spacer\"><\/div>\n\n\n\n<p><strong>Board Members:<\/strong><br>Marija Kraljevi\u0107, Vladimir Kraljevi\u0107<\/p>\n\n\n\n<p><strong>Bank account at:<\/strong> Zagreba\u010dka banka d.d.,<br>Trg bana Josipa Jela\u010di\u0107a 10, 10000 Zagreb, Croatia<\/p>\n\n\n\n<p><strong>IBAN:<\/strong> HR23 236 0000 1101 464 541<br><strong>Swift:<\/strong> ZABAHR2X<\/p>\n\n\n\n<p>Share Capital: 2.654,50 EUR paid in full.<\/p>\n\n\n\n<p><strong>OIB:<\/strong> 46866458003<br><strong>PDV ID:<\/strong> HR46866458003<br><strong>MB:<\/strong> 1264583<br><strong>MBS:<\/strong> 080126785<br>Registered at Commercial Court in Zagreb<br>\u0160D 9002<\/p>\n<\/div>\n<\/div>\n\n\n\n<div style=\"height:80px\" aria-hidden=\"true\" class=\"wp-block-spacer\"><\/div>\n","protected":false},"excerpt":{"rendered":"<p>Headquarters MEDIA PRODUKCIJA d.o.o.Novi Goljak 7a, 10000 Zagreb, Croatia Tel.: +385\/1\/4836-321Tel.\/Fax: +385\/1\/4836-320 info@mediaprodukcija.hr Board Members:Marija Kraljevi\u0107, Vladimir Kraljevi\u0107 Bank account at: Zagreba\u010dka banka d.d.,Trg bana Josipa Jela\u010di\u0107a 10, 10000 Zagreb, Croatia IBAN: HR23 236 0000 1101 464 541Swift: ZABAHR2X Share Capital: 2.654,50 EUR paid in full. OIB: 46866458003PDV ID: HR46866458003MB: 1264583MBS: 080126785Registered at Commercial Court [&hellip;]<\/p>\n","protected":false},"author":1,"featured_media":0,"parent":0,"menu_order":0,"comment_status":"closed","ping_status":"closed","template":"","meta":{"_acf_changed":false,"footnotes":""},"class_list":["post-847","page","type-page","status-publish","hentry"],"acf":[],"_links":{"self":[{"href":"https:\/\/www.miss-universe-croatia.hr\/en\/wp-json\/wp\/v2\/pages\/847","targetHints":{"allow":["GET"]}}],"collection":[{"href":"https:\/\/www.miss-universe-croatia.hr\/en\/wp-json\/wp\/v2\/pages"}],"about":[{"href":"https:\/\/www.miss-universe-croatia.hr\/en\/wp-json\/wp\/v2\/types\/page"}],"author":[{"embeddable":true,"href":"https:\/\/www.miss-universe-croatia.hr\/en\/wp-json\/wp\/v2\/users\/1"}],"replies":[{"embeddable":true,"href":"https:\/\/www.miss-universe-croatia.hr\/en\/wp-json\/wp\/v2\/comments?post=847"}],"version-history":[{"count":4,"href":"https:\/\/www.miss-universe-croatia.hr\/en\/wp-json\/wp\/v2\/pages\/847\/revisions"}],"predecessor-version":[{"id":1110,"href":"https:\/\/www.miss-universe-croatia.hr\/en\/wp-json\/wp\/v2\/pages\/847\/revisions\/1110"}],"wp:attachment":[{"href":"https:\/\/www.miss-universe-croatia.hr\/en\/wp-json\/wp\/v2\/media?parent=847"}],"curies":[{"name":"wp","href":"https:\/\/api.w.org\/{rel}","templated":true}]}}